{"id":371,"date":"2016-02-17T13:39:05","date_gmt":"2016-02-17T12:39:05","guid":{"rendered":"http:\/\/farmtrans.cz\/zkusebni-stranka\/?lang=en"},"modified":"2025-04-15T18:36:48","modified_gmt":"2025-04-15T17:36:48","slug":"zkusebni-stranka-2","status":"publish","type":"page","link":"https:\/\/farmtrans.cz\/en\/","title":{"rendered":"Home"},"content":{"rendered":"<p><div class=\"fusion-fullwidth fullwidth-box fusion-builder-row-1 nonhundred-percent-fullwidth non-hundred-percent-height-scrolling\" style=\"--awb-background-position:left top;--awb-border-sizes-top:0px;--awb-border-sizes-bottom:0px;--awb-border-sizes-left:0px;--awb-border-sizes-right:0px;--awb-border-radius-top-left:0px;--awb-border-radius-top-right:0px;--awb-border-radius-bottom-right:0px;--awb-border-radius-bottom-left:0px;--awb-padding-top:20px;--awb-padding-bottom:20px;--awb-flex-wrap:wrap;\" ><div class=\"fusion-builder-row fusion-row\"><div class=\"fusion-layout-column fusion_builder_column fusion-builder-column-0 fusion_builder_column_1_2 1_2 fusion-one-half fusion-column-first\" style=\"--awb-bg-size:cover;width:48%; margin-right: 4%;\"><div class=\"fusion-column-wrapper fusion-flex-column-wrapper-legacy\"><div class=\"fusion-title title fusion-title-1 fusion-sep-none fusion-title-text fusion-title-size-one upperCase\"><h1 class=\"fusion-title-heading title-heading-left\" style=\"margin:0;\">About us<\/h1><\/div><div class=\"fusion-text fusion-text-1\"><p>Thank you for visiting our website.<\/p>\n<p>On behalf of Farmtrans I am pleased to offer you our co-operation in logistics and forwarding. Farmtrans has been specialising in professional transport and forwarding services since 1991 and we are ready to use our vast experience and provide optimal solutions for your consignments. Become one of our satisfied customers and let&#8217;s ship goods together worldwide!<\/p>\n<\/div><div class=\"fusion-title title fusion-title-2 fusion-sep-none fusion-title-text fusion-title-size-two upperCase pissVertiMargins\"><h2 class=\"fusion-title-heading title-heading-left\" style=\"margin:0;\"><strong>CEO<\/strong> Zdeni\u010dka Z\u00edtov\u00e1<\/h2><\/div><div class=\"fusion-text fusion-text-2\"><p>CEO and Board Chairwoman<\/p>\n<\/div><div class=\"fusion-image-element in-legacy-container\" style=\"--awb-caption-title-font-family:var(--h2_typography-font-family);--awb-caption-title-font-weight:var(--h2_typography-font-weight);--awb-caption-title-font-style:var(--h2_typography-font-style);--awb-caption-title-size:var(--h2_typography-font-size);--awb-caption-title-transform:var(--h2_typography-text-transform);--awb-caption-title-line-height:var(--h2_typography-line-height);--awb-caption-title-letter-spacing:var(--h2_typography-letter-spacing);\"><span class=\" fusion-imageframe imageframe-none imageframe-1 hover-type-none sign\"><img decoding=\"async\" src=\"\/wp-content\/uploads\/2016\/02\/sign-1.png\" alt class=\"img-responsive\"\/><\/span><\/div><div class=\"fusion-sep-clear\"><\/div><div class=\"fusion-separator fusion-has-icon fusion-full-width-sep sep\" style=\"margin-left: auto;margin-right: auto;width:100%;\"><\/div><div class=\"fusion-sep-clear\"><\/div><div class=\"fusion-clearfix\"><\/div><\/div><\/div><div class=\"fusion-layout-column fusion_builder_column fusion-builder-column-1 fusion_builder_column_1_2 1_2 fusion-one-half fusion-column-last\" style=\"--awb-bg-size:cover;width:48%;\"><div class=\"fusion-column-wrapper fusion-flex-column-wrapper-legacy\"><div class=\"fusion-image-element in-legacy-container\" style=\"--awb-caption-title-font-family:var(--h2_typography-font-family);--awb-caption-title-font-weight:var(--h2_typography-font-weight);--awb-caption-title-font-style:var(--h2_typography-font-style);--awb-caption-title-size:var(--h2_typography-font-size);--awb-caption-title-transform:var(--h2_typography-text-transform);--awb-caption-title-line-height:var(--h2_typography-line-height);--awb-caption-title-letter-spacing:var(--h2_typography-letter-spacing);\"><span class=\" fusion-imageframe imageframe-none imageframe-2 hover-type-none\"><img decoding=\"async\" src=\"\/wp-content\/uploads\/2016\/02\/textILU-2.jpg\" alt class=\"img-responsive\"\/><\/span><\/div><div class=\"fusion-clearfix\"><\/div><\/div><\/div><\/div><\/div><div class=\"fusion-bg-parallax\" data-bg-align=\"left top\" data-direction=\"up\" data-mute=\"false\" data-opacity=\"100\" data-velocity=\"-0.9\" data-mobile-enabled=\"false\" data-break_parents=\"0\" data-bg-image=\"\/wp-content\/uploads\/2016\/02\/pruh.jpg\" data-bg-repeat=\"false\" ><\/div><div class=\"fusion-fullwidth fullwidth-box fusion-builder-row-2 fusion-parallax-up nonhundred-percent-fullwidth non-hundred-percent-height-scrolling\" style=\"--awb-background-position:left top;--awb-border-sizes-top:0px;--awb-border-sizes-bottom:0px;--awb-border-sizes-left:0px;--awb-border-sizes-right:0px;--awb-border-radius-top-left:0px;--awb-border-radius-top-right:0px;--awb-border-radius-bottom-right:0px;--awb-border-radius-bottom-left:0px;--awb-padding-top:0px;--awb-padding-bottom:0px;--awb-background-image:url(&quot;\/wp-content\/uploads\/2016\/02\/pruh.jpg&quot;);--awb-background-size:cover;--awb-flex-wrap:wrap;\" ><div class=\"fusion-builder-row fusion-row\"><div class=\"fusion-layout-column fusion_builder_column fusion-builder-column-2 fusion_builder_column_3_5 3_5 fusion-three-fifth fusion-column-first\" style=\"--awb-bg-size:cover;--awb-margin-top:60px;width:58.4%; margin-right: 4%;\"><div class=\"fusion-column-wrapper fusion-flex-column-wrapper-legacy\"><div class=\"fusion-title title fusion-title-3 fusion-sep-none fusion-title-text fusion-title-size-one\" style=\"--awb-margin-bottom:5px;\"><h1 class=\"fusion-title-heading title-heading-left\" style=\"margin:0;\"><span style=\"font-size: 36px;\">Contact us<\/span><\/p><\/h1><\/div><div class=\"fusion-text fusion-text-3\"><p>Our staff are always at your disposal to answer any transport-related questions and make you familiar with processing your order handling your consignment and its delivery. We can also meet personally and discuss all your requirements in detail.<\/p>\n<\/div><div class=\"fusion-alignleft\"><a class=\"fusion-button button-flat button-medium button-custom fusion-button-default button-1 fusion-button-span-no fusion-button-default-type\" style=\"--button_accent_color:#ffffff;--button_border_color:#ffffff;--button_accent_hover_color:#ffffff;--button_border_hover_color:#ffffff;--button-border-radius-top-left:0;--button-border-radius-top-right:0;--button-border-radius-bottom-right:0;--button-border-radius-bottom-left:0;--button_gradient_top_color:#34ff8f;--button_gradient_bottom_color:#34ff8f;--button_gradient_top_color_hover:#043925;--button_gradient_bottom_color_hover:#043925;\" target=\"_self\" title=\"Call to action!\" aria-label=\"Call to action!\" href=\"\/en\/contact\/\"><span class=\"fusion-button-icon-divider button-icon-divider-left\"><i class=\" fa fa-comments\" aria-hidden=\"true\"><\/i><\/span><span class=\"fusion-button-text fusion-button-text-left\">CONTACT US<\/span><\/a><\/div><div class=\"fusion-clearfix\"><\/div><\/div><\/div><div class=\"fusion-layout-column fusion_builder_column fusion-builder-column-3 fusion_builder_column_2_5 2_5 fusion-two-fifth fusion-column-last\" style=\"--awb-bg-size:cover;--awb-margin-bottom:0px;width:37.6%;\"><div class=\"fusion-column-wrapper fusion-flex-column-wrapper-legacy\"><div class=\"fusion-image-element in-legacy-container\" style=\"--awb-caption-title-font-family:var(--h2_typography-font-family);--awb-caption-title-font-weight:var(--h2_typography-font-weight);--awb-caption-title-font-style:var(--h2_typography-font-style);--awb-caption-title-size:var(--h2_typography-font-size);--awb-caption-title-transform:var(--h2_typography-text-transform);--awb-caption-title-line-height:var(--h2_typography-line-height);--awb-caption-title-letter-spacing:var(--h2_typography-letter-spacing);\"><span class=\" fusion-imageframe imageframe-none imageframe-3 hover-type-none\"><img decoding=\"async\" src=\"\/wp-content\/uploads\/2016\/02\/girl.png\" alt class=\"img-responsive\"\/><\/span><\/div><div class=\"fusion-clearfix\"><\/div><\/div><\/div><\/div><\/div><div class=\"fusion-fullwidth fullwidth-box fusion-builder-row-3 nonhundred-percent-fullwidth non-hundred-percent-height-scrolling\" style=\"--awb-background-position:left top;--awb-border-sizes-top:0px;--awb-border-sizes-bottom:0px;--awb-border-sizes-left:0px;--awb-border-sizes-right:0px;--awb-border-radius-top-left:0px;--awb-border-radius-top-right:0px;--awb-border-radius-bottom-right:0px;--awb-border-radius-bottom-left:0px;--awb-padding-top:0px;--awb-padding-bottom:0px;--awb-background-color:#efefef;--awb-flex-wrap:wrap;\" ><div class=\"fusion-builder-row fusion-row\"><div class=\"fusion-layout-column fusion_builder_column fusion-builder-column-4 fusion_builder_column_1_1 1_1 fusion-one-full fusion-column-first fusion-column-last\" style=\"--awb-padding-top:20px;--awb-padding-right:20px;--awb-padding-bottom:20px;--awb-padding-left:20px;--awb-bg-color:#ffffff;--awb-bg-color-hover:#ffffff;--awb-bg-size:cover;--awb-margin-bottom:0px;\"><div class=\"fusion-column-wrapper fusion-flex-column-wrapper-legacy\"><div class=\"fusion-title title fusion-title-4 fusion-sep-none fusion-title-center fusion-title-text fusion-title-size-one\" style=\"--awb-margin-bottom:0px;\"><h1 class=\"fusion-title-heading title-heading-center\" style=\"margin:0;\">Tentative Inquiry<\/h1><\/div>\n<div class=\"wpcf7 no-js\" id=\"wpcf7-f440-o1\" lang=\"cs-CZ\" dir=\"ltr\" data-wpcf7-id=\"440\">\n<div class=\"screen-reader-response\"><p role=\"status\" aria-live=\"polite\" aria-atomic=\"true\"><\/p> <ul><\/ul><\/div>\n<form action=\"\/en\/wp-json\/wp\/v2\/pages\/371#wpcf7-f440-o1\" method=\"post\" class=\"wpcf7-form init\" aria-label=\"Kontaktn\u00ed formul\u00e1\u0159\" novalidate=\"novalidate\" data-status=\"init\">\n<div style=\"display: none;\">\n<input type=\"hidden\" name=\"_wpcf7\" value=\"440\" \/>\n<input type=\"hidden\" name=\"_wpcf7_version\" value=\"6.0.6\" \/>\n<input type=\"hidden\" name=\"_wpcf7_locale\" value=\"cs_CZ\" \/>\n<input type=\"hidden\" name=\"_wpcf7_unit_tag\" value=\"wpcf7-f440-o1\" \/>\n<input type=\"hidden\" name=\"_wpcf7_container_post\" value=\"0\" \/>\n<input type=\"hidden\" name=\"_wpcf7_posted_data_hash\" value=\"\" \/>\n<input type=\"hidden\" name=\"_wpcf7_recaptcha_response\" value=\"\" \/>\n<\/div>\n<div class=\"blockin\">\n\t<p class=\"col-md-12\" >Form of Transport\n\t<\/p>\n\t<p><span class=\"wpcf7-form-control-wrap\" data-name=\"druhPrepravy\"><span class=\"wpcf7-form-control wpcf7-radio\"><span class=\"wpcf7-list-item first\"><input type=\"radio\" name=\"druhPrepravy\" value=\"Sea\" checked=\"checked\" \/><span class=\"wpcf7-list-item-label\">Sea<\/span><\/span><span class=\"wpcf7-list-item\"><input type=\"radio\" name=\"druhPrepravy\" value=\"Air\" \/><span class=\"wpcf7-list-item-label\">Air<\/span><\/span><span class=\"wpcf7-list-item last\"><input type=\"radio\" name=\"druhPrepravy\" value=\"Road\" \/><span class=\"wpcf7-list-item-label\">Road<\/span><\/span><\/span><\/span>\n\t<\/p>\n\t<p class=\"clearfix\">\n\t<\/p>\n<\/div>\n<div class=\"blockin\">\n\t<h2 class=\"col-md-12 title-special\">\n\t\t<div class=\"line\">\n\t\t<\/div>Loading\n\t<\/h2>\n\t<p class=\"col-md-4\">City*\n\t<\/p>\n\t<p><span class=\"wpcf7-form-control-wrap\" data-name=\"mesto\"><input size=\"40\" maxlength=\"400\" class=\"wpcf7-form-control wpcf7-text wpcf7-validates-as-required\" aria-required=\"true\" aria-invalid=\"false\" value=\"\" type=\"text\" name=\"mesto\" \/><\/span>\n\t<\/p>\n\t<p class=\"col-md-4\">Postcode\n\t<\/p>\n\t<p><span class=\"wpcf7-form-control-wrap\" data-name=\"psc\"><input size=\"40\" maxlength=\"400\" class=\"wpcf7-form-control wpcf7-text\" aria-invalid=\"false\" value=\"\" type=\"text\" name=\"psc\" \/><\/span>\n\t<\/p>\n\t<p class=\"col-md-4\">Country\n\t<\/p>\n\t<p><span class=\"wpcf7-form-control-wrap\" data-name=\"stat\"><input size=\"40\" maxlength=\"400\" class=\"wpcf7-form-control wpcf7-text\" aria-invalid=\"false\" value=\"\" type=\"text\" name=\"stat\" \/><\/span>\n\t<\/p>\n\t<p class=\"clearfix\">\n\t<\/p>\n<\/div>\n<div class=\"blockin\">\n\t<h2 class=\"col-md-12 title-special\">\n\t\t<div class=\"line\">\n\t\t<\/div>Unloading\n\t<\/h2>\n\t<p class=\"col-md-4\">City*\n\t<\/p>\n\t<p><span class=\"wpcf7-form-control-wrap\" data-name=\"mesto2\"><input size=\"40\" maxlength=\"400\" class=\"wpcf7-form-control wpcf7-text wpcf7-validates-as-required\" aria-required=\"true\" aria-invalid=\"false\" value=\"\" type=\"text\" name=\"mesto2\" \/><\/span>\n\t<\/p>\n\t<p class=\"col-md-4\">Postcode\n\t<\/p>\n\t<p><span class=\"wpcf7-form-control-wrap\" data-name=\"psc2\"><input size=\"40\" maxlength=\"400\" class=\"wpcf7-form-control wpcf7-text\" aria-invalid=\"false\" value=\"\" type=\"text\" name=\"psc2\" \/><\/span>\n\t<\/p>\n\t<p class=\"col-md-4\">Country\n\t<\/p>\n\t<p><span class=\"wpcf7-form-control-wrap\" data-name=\"stat2\"><input size=\"40\" maxlength=\"400\" class=\"wpcf7-form-control wpcf7-text\" aria-invalid=\"false\" value=\"\" type=\"text\" name=\"stat2\" \/><\/span>\n\t<\/p>\n\t<p class=\"clearfix\">\n\t<\/p>\n<\/div>\n<div class=\"blockin\">\n\t<h2 class=\"col-md-12 title-special\">\n\t\t<div class=\"line\">\n\t\t<\/div>Consignment Information\n\t<\/h2>\n\t<p class=\"col-md-4\">Weight*\n\t<\/p>\n\t<p><span class=\"wpcf7-form-control-wrap\" data-name=\"weight\"><input size=\"40\" maxlength=\"400\" class=\"wpcf7-form-control wpcf7-text wpcf7-validates-as-required\" aria-required=\"true\" aria-invalid=\"false\" value=\"\" type=\"text\" name=\"weight\" \/><\/span>\n\t<\/p>\n\t<p class=\"col-md-4\">Dimensions*\n\t<\/p>\n\t<p><span class=\"wpcf7-form-control-wrap\" data-name=\"dimensions\"><input size=\"40\" maxlength=\"400\" class=\"wpcf7-form-control wpcf7-text wpcf7-validates-as-required\" aria-required=\"true\" aria-invalid=\"false\" value=\"\" type=\"text\" name=\"dimensions\" \/><\/span>\n\t<\/p>\n\t<p class=\"col-md-4\">Goods*\n\t<\/p>\n\t<p><span class=\"wpcf7-form-control-wrap\" data-name=\"goods\"><input size=\"40\" maxlength=\"400\" class=\"wpcf7-form-control wpcf7-text wpcf7-validates-as-required\" aria-required=\"true\" aria-invalid=\"false\" value=\"\" type=\"text\" name=\"goods\" \/><\/span>\n\t<\/p>\n\t<p class=\"clearfix\">\n\t<\/p>\n<\/div>\n<div class=\"blockin\">\n\t<h2 class=\"col-md-12 title-special\">\n\t\t<div class=\"line\">\n\t\t<\/div>Customer Details\n\t<\/h2>\n\t<p class=\"col-md-3\">Name*\n\t<\/p>\n\t<p><span class=\"wpcf7-form-control-wrap\" data-name=\"name\"><input size=\"40\" maxlength=\"400\" class=\"wpcf7-form-control wpcf7-text wpcf7-validates-as-required\" aria-required=\"true\" aria-invalid=\"false\" value=\"\" type=\"text\" name=\"name\" \/><\/span>\n\t<\/p>\n\t<p class=\"col-md-3\">Email Adress*\n\t<\/p>\n\t<p><span class=\"wpcf7-form-control-wrap\" data-name=\"emai\"><input size=\"40\" maxlength=\"400\" class=\"wpcf7-form-control wpcf7-email wpcf7-validates-as-required wpcf7-text wpcf7-validates-as-email\" aria-required=\"true\" aria-invalid=\"false\" value=\"\" type=\"email\" name=\"emai\" \/><\/span>\n\t<\/p>\n\t<p class=\"col-md-3\">Tel. Number*\n\t<\/p>\n\t<p><span class=\"wpcf7-form-control-wrap\" data-name=\"tel\"><input size=\"40\" maxlength=\"400\" class=\"wpcf7-form-control wpcf7-tel wpcf7-validates-as-required wpcf7-text wpcf7-validates-as-tel\" aria-required=\"true\" aria-invalid=\"false\" value=\"\" type=\"tel\" name=\"tel\" \/><\/span>\n\t<\/p>\n\t<p class=\"col-md-3\">Company\n\t<\/p>\n\t<p><span class=\"wpcf7-form-control-wrap\" data-name=\"company\"><input size=\"40\" maxlength=\"400\" class=\"wpcf7-form-control wpcf7-text\" aria-invalid=\"false\" value=\"\" type=\"text\" name=\"company\" \/><\/span>\n\t<\/p>\n\t<p class=\"clearfix\">\n\t<\/p>\n<\/div>\n<p><span id=\"wpcf7-69d20b8ab05c8-wrapper\" class=\"wpcf7-form-control-wrap spamprotect-wrap\" ><input type=\"hidden\" name=\"spamprotect-time-start\" value=\"1775373194\"><input type=\"hidden\" name=\"spamprotect-time-check\" value=\"4\"><label for=\"wpcf7-69d20b8ab05c8-field\" class=\"hp-message\">Ponechte toto pole pr\u00e1zdn\u00e9.<\/label><input id=\"wpcf7-69d20b8ab05c8-field\"  class=\"wpcf7-form-control wpcf7-text\" type=\"text\" name=\"spamprotect\" value=\"\" size=\"40\" tabindex=\"-1\" autocomplete=\"new-password\" \/><\/span>\n<\/p>\n<p class=\"col-md-12\"><input class=\"wpcf7-form-control wpcf7-submit has-spinner\" type=\"submit\" value=\"Send\" \/>\n<\/p>\n<p class=\"infoF\">Items marked * are required\n<\/p><div class=\"fusion-alert alert custom alert-custom fusion-alert-center wpcf7-response-output awb-alert-native-link-color alert-dismissable awb-alert-close-boxed\" style=\"--awb-border-size:1px;--awb-border-top-left-radius:0px;--awb-border-top-right-radius:0px;--awb-border-bottom-left-radius:0px;--awb-border-bottom-right-radius:0px;\" role=\"alert\"><div class=\"fusion-alert-content-wrapper\"><span class=\"fusion-alert-content\"><\/span><\/div><button type=\"button\" class=\"close toggle-alert\" data-dismiss=\"alert\" aria-label=\"Zav\u0159\u00edt\">&times;<\/button><\/div>\n<\/form>\n<\/div>\n<div class=\"fusion-clearfix\"><\/div><\/div><\/div><\/div><\/div><div class=\"fusion-fullwidth fullwidth-box fusion-builder-row-4 hundred-percent-fullwidth non-hundred-percent-height-scrolling\" style=\"--awb-background-position:left top;--awb-border-sizes-top:0px;--awb-border-sizes-bottom:0px;--awb-border-sizes-left:0px;--awb-border-sizes-right:0px;--awb-border-radius-top-left:0px;--awb-border-radius-top-right:0px;--awb-border-radius-bottom-right:0px;--awb-border-radius-bottom-left:0px;--awb-padding-top:0px;--awb-padding-right:0px;--awb-padding-bottom:0px;--awb-padding-left:0px;--awb-flex-wrap:wrap;\" ><div class=\"fusion-builder-row fusion-row\"><div class=\"fusion-layout-column fusion_builder_column fusion-builder-column-5 fusion_builder_column_1_1 1_1 fusion-one-full fusion-column-first fusion-column-last fusion-column-no-min-height\" style=\"--awb-bg-size:cover;--awb-margin-bottom:0px;\"><div class=\"fusion-column-wrapper fusion-flex-column-wrapper-legacy\"><iframe src=\"https:\/\/www.google.com\/maps\/embed?pb=!1m18!1m12!1m3!1d2559.1297132716845!2d14.44975107688126!3d50.10257901234989!2m3!1f0!2f0!3f0!3m2!1i1024!2i768!4f13.1!3m3!1m2!1s0x470b94adb68f1fb1%3A0xc1437167d74efd6b!2sFarmtrans%2C%20a.s.!5e0!3m2!1scs!2scz!4v1683178240116!5m2!1scs!2scz\" width=\"100%\" height=\"550\" style=\"border:0;\" allowfullscreen=\"\" loading=\"lazy\" referrerpolicy=\"no-referrer-when-downgrade\"><\/iframe><div class=\"fusion-clearfix\"><\/div><\/div><\/div><\/div><\/div><\/p>\n","protected":false},"excerpt":{"rendered":"","protected":false},"author":2,"featured_media":0,"parent":0,"menu_order":0,"comment_status":"closed","ping_status":"open","template":"100-width.php","meta":{"footnotes":""},"class_list":["post-371","page","type-page","status-publish","hentry"],"_links":{"self":[{"href":"https:\/\/farmtrans.cz\/en\/wp-json\/wp\/v2\/pages\/371","targetHints":{"allow":["GET"]}}],"collection":[{"href":"https:\/\/farmtrans.cz\/en\/wp-json\/wp\/v2\/pages"}],"about":[{"href":"https:\/\/farmtrans.cz\/en\/wp-json\/wp\/v2\/types\/page"}],"author":[{"embeddable":true,"href":"https:\/\/farmtrans.cz\/en\/wp-json\/wp\/v2\/users\/2"}],"replies":[{"embeddable":true,"href":"https:\/\/farmtrans.cz\/en\/wp-json\/wp\/v2\/comments?post=371"}],"version-history":[{"count":15,"href":"https:\/\/farmtrans.cz\/en\/wp-json\/wp\/v2\/pages\/371\/revisions"}],"predecessor-version":[{"id":597,"href":"https:\/\/farmtrans.cz\/en\/wp-json\/wp\/v2\/pages\/371\/revisions\/597"}],"wp:attachment":[{"href":"https:\/\/farmtrans.cz\/en\/wp-json\/wp\/v2\/media?parent=371"}],"curies":[{"name":"wp","href":"https:\/\/api.w.org\/{rel}","templated":true}]}}