{"id":399,"date":"2016-03-16T09:10:34","date_gmt":"2016-03-16T08:10:34","guid":{"rendered":"http:\/\/farmtrans.cz\/en\/pojisteni\/"},"modified":"2025-04-15T18:36:48","modified_gmt":"2025-04-15T17:36:48","slug":"insurance","status":"publish","type":"page","link":"https:\/\/farmtrans.cz\/en\/insurance\/","title":{"rendered":"Insurance"},"content":{"rendered":"<div class=\"fusion-fullwidth fullwidth-box fusion-builder-row-1 nonhundred-percent-fullwidth non-hundred-percent-height-scrolling\" style=\"--awb-background-position:left top;--awb-border-radius-top-left:0px;--awb-border-radius-top-right:0px;--awb-border-radius-bottom-right:0px;--awb-border-radius-bottom-left:0px;--awb-padding-top:20px;--awb-padding-bottom:20px;--awb-border-sizes-top:0px;--awb-border-sizes-bottom:0px;--awb-flex-wrap:wrap;\" ><div class=\"fusion-builder-row fusion-row\"><div class=\"fusion-layout-column fusion_builder_column fusion-builder-column-0 fusion_builder_column_1_1 1_1 fusion-one-full fusion-column-first fusion-column-last\" style=\"--awb-bg-size:cover;\"><div class=\"fusion-column-wrapper fusion-flex-column-wrapper-legacy\"><div class=\"fusion-title title fusion-title-1 fusion-sep-none fusion-title-text fusion-title-size-one\"><h1 class=\"fusion-title-heading title-heading-left\" style=\"margin:0;\">Insurance<\/h1><\/div><div class=\"fusion-text fusion-text-1\"><p>If required, we are able to provide transport insurance (including Insurance Certificate) for international transports. Our long-standing and excellent co-operation with \u010cesk\u00e1 poji\u0161\u0165ovna is a guarantee of highly competitive rates.<\/p>\n<p><strong>Instructions for consignment damage occurrence <\/strong><\/p>\n<p><strong>How to proceed in consignment damage occurrence:<\/strong><\/p>\n<ol>\n<li>Report the damage to Farmtrans a.s.<\/li>\n<li>Identify the scope of the damage without undue delay. During unloading: check the packaging and the goods themselves continuously for possible damage. <strong><u>In case of o<\/u><strong>bvious damage (crumpled, wet, torn or missing packaging or goods) make an entry into the accompanying transport document\/CMR immediately after unloading is completed<\/strong><\/strong>. In case of non evident damage &#8211; identify the extention of the damage within 5 days from the insurance expiry date, i.e. within five days after the unloading.<\/li>\n<li>Check the damaged consignment thoroughly, <strong>quantify the damage and take photos of the damaged goods <\/strong>(if applicable: take photos of damage to the container if evident). If more than one item is damaged, <strong>photo of each item damaged has to be taken<\/strong>. This information will be used as the basis for deciding whether or not to call in a surveyor for further assessment of the damaged goods.<\/li>\n<li>Secure the consignment against further damage to prevent increasing the scope of the damage by improper storage of the goods, leaving them in wet packaging etc.<\/li>\n<li>Draft a damage protocol \u2013 see the Annex.<\/li>\n<li>Do not dispose of the goods without prior consent from the insurer.<\/li>\n<\/ol>\n<p><strong>How to proceed in case of stolen consignment:<\/strong><\/p>\n<p>If any of the goods were stolen, report the incident to the local police<\/p>\n<h2>Customs services<\/h2>\n<p>We are able to provide customs clearance of any shipment throughout the Czech Republic. We offer both direct and indirect representation in exports and imports and, holding a general customs guarantee, we are able to clear consignments of high customs value. Furthermore,\u00a0 we offer\u00a0 various additional services such as Certificate\u00a0 of Origin, binding tariff information, registration and identification Nos. (EORI) for our new business partners and, \u00a0last but not least, special customs arrangements (e.g. ATA carnet).<\/p>\n<\/div><div class=\"fusion-clearfix\"><\/div><\/div><\/div><div class=\"fusion-layout-column fusion_builder_column fusion-builder-column-1 fusion_builder_column_1_1 1_1 fusion-one-full fusion-column-first fusion-column-last\" style=\"--awb-bg-size:cover;\"><div class=\"fusion-column-wrapper fusion-flex-column-wrapper-legacy\"><div class=\"fusion-text fusion-text-2\"><p><a href=\"\/wp-content\/uploads\/2016\/04\/VPPTZ-2005_eng.doc\">General Insurance Terms and Clauses<\/a><\/p>\n<p>&nbsp;<\/p>\n<\/div><div class=\"fusion-clearfix\"><\/div><\/div><\/div><\/div><\/div>\n","protected":false},"excerpt":{"rendered":"","protected":false},"author":2,"featured_media":0,"parent":0,"menu_order":0,"comment_status":"closed","ping_status":"closed","template":"","meta":{"footnotes":""},"class_list":["post-399","page","type-page","status-publish","hentry"],"_links":{"self":[{"href":"https:\/\/farmtrans.cz\/en\/wp-json\/wp\/v2\/pages\/399","targetHints":{"allow":["GET"]}}],"collection":[{"href":"https:\/\/farmtrans.cz\/en\/wp-json\/wp\/v2\/pages"}],"about":[{"href":"https:\/\/farmtrans.cz\/en\/wp-json\/wp\/v2\/types\/page"}],"author":[{"embeddable":true,"href":"https:\/\/farmtrans.cz\/en\/wp-json\/wp\/v2\/users\/2"}],"replies":[{"embeddable":true,"href":"https:\/\/farmtrans.cz\/en\/wp-json\/wp\/v2\/comments?post=399"}],"version-history":[{"count":9,"href":"https:\/\/farmtrans.cz\/en\/wp-json\/wp\/v2\/pages\/399\/revisions"}],"predecessor-version":[{"id":569,"href":"https:\/\/farmtrans.cz\/en\/wp-json\/wp\/v2\/pages\/399\/revisions\/569"}],"wp:attachment":[{"href":"https:\/\/farmtrans.cz\/en\/wp-json\/wp\/v2\/media?parent=399"}],"curies":[{"name":"wp","href":"https:\/\/api.w.org\/{rel}","templated":true}]}}